{"id":416,"date":"2018-03-23T15:51:16","date_gmt":"2018-03-23T14:51:16","guid":{"rendered":"http:\/\/gartenparadies.biz\/?page_id=416"},"modified":"2026-04-03T21:23:18","modified_gmt":"2026-04-03T19:23:18","slug":"oeffnungszeiten","status":"publish","type":"page","link":"https:\/\/gartenparadies.biz\/?page_id=416","title":{"rendered":"\u00d6ffnungszeiten"},"content":{"rendered":"<p>Montag bis Freitag von <strong>9 &#8211; 18 Uhr<\/strong><\/p>\r\n<p>Samstag von <strong>9 &#8211; 14 Uhr<\/strong><\/p>\r\n<p>&nbsp;<\/p>\r\n<p>Am Erntefest-Montag, 24.08.2026, bleibt unser Gesch\u00e4ft und das Caf\u00e9 geschlossen.<\/p>\r\n<h2><strong><span style=\"color: #ff0000;\">Wir freuen uns auf Ihren Besuch<\/span> <\/strong><\/h2>\r\n<p><strong>Unsere Sonder\u00f6ffnungen 2026:<\/strong><\/p>\r\n<p>Caf\u00e9 ge\u00f6ffnet &#8211; Sonntag,\u00a0 <strong>26. April 2026<\/strong> (Pflanzenmarkt), <strong>11 &#8211; 17 Uhr<\/strong><\/p>\r\n<p><strong>Verkaufsoffen<\/strong> &#8211; Sonntag, <strong>12. Juli 2026<\/strong> (Kesperkirmes), <strong>13 &#8211; 17 Uhr<\/strong><\/p>\r\n<p>Erntefestmontag bleibt unser Gesch\u00e4ft geschlossen (24. August 2026)<\/p>\r\n<p>&nbsp;<\/p>\r\n<p>&nbsp;<\/p>\r\n<p>&nbsp;<\/p>\r\n<p>&nbsp;<\/p>\r\n\r\n<p>&nbsp;<\/p>\r\n","protected":false},"excerpt":{"rendered":"<p>Montag bis Freitag von 9 &#8211; 18 Uhr Samstag von 9 &#8211; 14 Uhr &nbsp; Am Erntefest-Montag, 24.08.2026, bleibt unser Gesch\u00e4ft und das Caf\u00e9 geschlossen. Wir freuen uns auf Ihren Besuch Unsere Sonder\u00f6ffnungen 2026: Caf\u00e9 ge\u00f6ffnet &#8211; Sonntag,\u00a0 26. April 2026 (Pflanzenmarkt), 11 &#8211; 17 Uhr Verkaufsoffen &#8211; Sonntag, 12. Juli 2026 (Kesperkirmes), 13 &#8211; 17 Uhr Erntefestmontag bleibt unser Gesch\u00e4ft geschlossen (24. August 2026) &nbsp; &nbsp; &nbsp; &nbsp; &nbsp; <a href=\"https:\/\/gartenparadies.biz\/?page_id=416\" class=\"more-link\"><span class=\"screen-reader-text\">\u00d6ffnungszeiten<\/span> weiterlesen<\/a><\/p>\n","protected":false},"author":1,"featured_media":0,"parent":0,"menu_order":0,"comment_status":"closed","ping_status":"closed","template":"","meta":{"footnotes":""},"class_list":["post-416","page","type-page","status-publish","hentry","gallery-content-unit"],"_links":{"self":[{"href":"https:\/\/gartenparadies.biz\/index.php?rest_route=\/wp\/v2\/pages\/416","targetHints":{"allow":["GET"]}}],"collection":[{"href":"https:\/\/gartenparadies.biz\/index.php?rest_route=\/wp\/v2\/pages"}],"about":[{"href":"https:\/\/gartenparadies.biz\/index.php?rest_route=\/wp\/v2\/types\/page"}],"author":[{"embeddable":true,"href":"https:\/\/gartenparadies.biz\/index.php?rest_route=\/wp\/v2\/users\/1"}],"replies":[{"embeddable":true,"href":"https:\/\/gartenparadies.biz\/index.php?rest_route=%2Fwp%2Fv2%2Fcomments&post=416"}],"version-history":[{"count":49,"href":"https:\/\/gartenparadies.biz\/index.php?rest_route=\/wp\/v2\/pages\/416\/revisions"}],"predecessor-version":[{"id":2960,"href":"https:\/\/gartenparadies.biz\/index.php?rest_route=\/wp\/v2\/pages\/416\/revisions\/2960"}],"wp:attachment":[{"href":"https:\/\/gartenparadies.biz\/index.php?rest_route=%2Fwp%2Fv2%2Fmedia&parent=416"}],"curies":[{"name":"wp","href":"https:\/\/api.w.org\/{rel}","templated":true}]}}