{"id":205,"date":"2017-06-09T11:15:29","date_gmt":"2017-06-09T09:15:29","guid":{"rendered":"http:\/\/gartenparadies.biz\/?page_id=205"},"modified":"2021-11-21T11:28:26","modified_gmt":"2021-11-21T10:28:26","slug":"gartenparadies","status":"publish","type":"page","link":"https:\/\/gartenparadies.biz\/?page_id=205","title":{"rendered":"Gartenparadies"},"content":{"rendered":"<p>Herzlich willkommen in unserem idyllischen Altstadtgarten direkt hinter dem Laden. Hier gibt es nicht nur viel zu entdecken, sondern auch ein ruhiges Pl\u00e4tzchen in gr\u00fcner Umgebung f\u00fcr Kaffee &amp; Kuchen.<\/p>\n<div id='gallery-1' class='gallery galleryid-202 gallery-columns-3 gallery-size-gazette-post-thumbnail-square'><figure class='gallery-item'>\n\t\t\t<div class='gallery-icon portrait'>\n\t\t\t\t<a href=\"https:\/\/gartenparadies.biz\/wp-content\/uploads\/2017\/05\/DSC03327-1.jpg\" title=\"DSC03327\" data-description=\"\"><img loading=\"lazy\" decoding=\"async\" width=\"720\" height=\"720\" src=\"https:\/\/gartenparadies.biz\/wp-content\/uploads\/2017\/05\/DSC03327-1-720x720.jpg\" class=\"attachment-gazette-post-thumbnail-square size-gazette-post-thumbnail-square\" alt=\"\" srcset=\"https:\/\/gartenparadies.biz\/wp-content\/uploads\/2017\/05\/DSC03327-1-720x720.jpg 720w, https:\/\/gartenparadies.biz\/wp-content\/uploads\/2017\/05\/DSC03327-1-150x150.jpg 150w\" sizes=\"auto, (max-width: 720px) 100vw, 720px\"><\/a>\n\t\t\t<\/div><\/figure><figure class='gallery-item'>\n\t\t\t<div class='gallery-icon landscape'>\n\t\t\t\t<a href=\"https:\/\/gartenparadies.biz\/wp-content\/uploads\/2017\/05\/DSC03282.jpg\" title=\"DSC03282\" data-description=\"\"><img loading=\"lazy\" decoding=\"async\" width=\"720\" height=\"720\" src=\"https:\/\/gartenparadies.biz\/wp-content\/uploads\/2017\/05\/DSC03282-720x720.jpg\" class=\"attachment-gazette-post-thumbnail-square size-gazette-post-thumbnail-square\" alt=\"\" srcset=\"https:\/\/gartenparadies.biz\/wp-content\/uploads\/2017\/05\/DSC03282-720x720.jpg 720w, https:\/\/gartenparadies.biz\/wp-content\/uploads\/2017\/05\/DSC03282-150x150.jpg 150w\" sizes=\"auto, (max-width: 720px) 100vw, 720px\"><\/a>\n\t\t\t<\/div><\/figure><figure class='gallery-item'>\n\t\t\t<div class='gallery-icon portrait'>\n\t\t\t\t<a href=\"https:\/\/gartenparadies.biz\/wp-content\/uploads\/2017\/05\/DSC03277.jpg\" title=\"DSC03277\" data-description=\"\"><img loading=\"lazy\" decoding=\"async\" width=\"720\" height=\"720\" src=\"https:\/\/gartenparadies.biz\/wp-content\/uploads\/2017\/05\/DSC03277-720x720.jpg\" class=\"attachment-gazette-post-thumbnail-square size-gazette-post-thumbnail-square\" alt=\"\" srcset=\"https:\/\/gartenparadies.biz\/wp-content\/uploads\/2017\/05\/DSC03277-720x720.jpg 720w, https:\/\/gartenparadies.biz\/wp-content\/uploads\/2017\/05\/DSC03277-150x150.jpg 150w\" sizes=\"auto, (max-width: 720px) 100vw, 720px\"><\/a>\n\t\t\t<\/div><\/figure><figure class='gallery-item'>\n\t\t\t<div class='gallery-icon landscape'>\n\t\t\t\t<a href=\"https:\/\/gartenparadies.biz\/wp-content\/uploads\/2017\/05\/DSC03372.jpg\" title=\"DSC03372\" data-description=\"\"><img loading=\"lazy\" decoding=\"async\" width=\"720\" height=\"720\" src=\"https:\/\/gartenparadies.biz\/wp-content\/uploads\/2017\/05\/DSC03372-720x720.jpg\" class=\"attachment-gazette-post-thumbnail-square size-gazette-post-thumbnail-square\" alt=\"\" srcset=\"https:\/\/gartenparadies.biz\/wp-content\/uploads\/2017\/05\/DSC03372-720x720.jpg 720w, https:\/\/gartenparadies.biz\/wp-content\/uploads\/2017\/05\/DSC03372-150x150.jpg 150w\" sizes=\"auto, (max-width: 720px) 100vw, 720px\"><\/a>\n\t\t\t<\/div><\/figure><figure class='gallery-item'>\n\t\t\t<div class='gallery-icon portrait'>\n\t\t\t\t<a href=\"https:\/\/gartenparadies.biz\/wp-content\/uploads\/2017\/05\/DSC03244.jpg\" title=\"DSC03244\" data-description=\"\"><img loading=\"lazy\" decoding=\"async\" width=\"720\" height=\"720\" src=\"https:\/\/gartenparadies.biz\/wp-content\/uploads\/2017\/05\/DSC03244-720x720.jpg\" class=\"attachment-gazette-post-thumbnail-square size-gazette-post-thumbnail-square\" alt=\"\" srcset=\"https:\/\/gartenparadies.biz\/wp-content\/uploads\/2017\/05\/DSC03244-720x720.jpg 720w, https:\/\/gartenparadies.biz\/wp-content\/uploads\/2017\/05\/DSC03244-150x150.jpg 150w\" sizes=\"auto, (max-width: 720px) 100vw, 720px\"><\/a>\n\t\t\t<\/div><\/figure><figure class='gallery-item'>\n\t\t\t<div class='gallery-icon landscape'>\n\t\t\t\t<a href=\"https:\/\/gartenparadies.biz\/wp-content\/uploads\/2017\/05\/DSC03273.jpg\" title=\"DSC03273\" data-description=\"\"><img loading=\"lazy\" decoding=\"async\" width=\"720\" height=\"720\" src=\"https:\/\/gartenparadies.biz\/wp-content\/uploads\/2017\/05\/DSC03273-720x720.jpg\" class=\"attachment-gazette-post-thumbnail-square size-gazette-post-thumbnail-square\" alt=\"\" srcset=\"https:\/\/gartenparadies.biz\/wp-content\/uploads\/2017\/05\/DSC03273-720x720.jpg 720w, https:\/\/gartenparadies.biz\/wp-content\/uploads\/2017\/05\/DSC03273-150x150.jpg 150w\" sizes=\"auto, (max-width: 720px) 100vw, 720px\"><\/a>\n\t\t\t<\/div><\/figure><figure class='gallery-item'>\n\t\t\t<div class='gallery-icon portrait'>\n\t\t\t\t<a href=\"https:\/\/gartenparadies.biz\/wp-content\/uploads\/2017\/05\/DSC03340.jpg\" title=\"DSC03340\" data-description=\"\"><img loading=\"lazy\" decoding=\"async\" width=\"720\" height=\"720\" src=\"https:\/\/gartenparadies.biz\/wp-content\/uploads\/2017\/05\/DSC03340-720x720.jpg\" class=\"attachment-gazette-post-thumbnail-square size-gazette-post-thumbnail-square\" alt=\"\" srcset=\"https:\/\/gartenparadies.biz\/wp-content\/uploads\/2017\/05\/DSC03340-720x720.jpg 720w, https:\/\/gartenparadies.biz\/wp-content\/uploads\/2017\/05\/DSC03340-150x150.jpg 150w\" sizes=\"auto, (max-width: 720px) 100vw, 720px\"><\/a>\n\t\t\t<\/div><\/figure><figure class='gallery-item'>\n\t\t\t<div class='gallery-icon portrait'>\n\t\t\t\t<a href=\"https:\/\/gartenparadies.biz\/wp-content\/uploads\/2017\/05\/DSC03251.jpg\" title=\"DSC03251\" data-description=\"\"><img loading=\"lazy\" decoding=\"async\" width=\"720\" height=\"720\" src=\"https:\/\/gartenparadies.biz\/wp-content\/uploads\/2017\/05\/DSC03251-720x720.jpg\" class=\"attachment-gazette-post-thumbnail-square size-gazette-post-thumbnail-square\" alt=\"\" srcset=\"https:\/\/gartenparadies.biz\/wp-content\/uploads\/2017\/05\/DSC03251-720x720.jpg 720w, https:\/\/gartenparadies.biz\/wp-content\/uploads\/2017\/05\/DSC03251-150x150.jpg 150w\" sizes=\"auto, (max-width: 720px) 100vw, 720px\"><\/a>\n\t\t\t<\/div><\/figure><figure class='gallery-item'>\n\t\t\t<div class='gallery-icon portrait'>\n\t\t\t\t<a href=\"https:\/\/gartenparadies.biz\/wp-content\/uploads\/2017\/05\/DSC03336.jpg\" title=\"DSC03336\" data-description=\"\"><img loading=\"lazy\" decoding=\"async\" width=\"720\" height=\"720\" src=\"https:\/\/gartenparadies.biz\/wp-content\/uploads\/2017\/05\/DSC03336-720x720.jpg\" class=\"attachment-gazette-post-thumbnail-square size-gazette-post-thumbnail-square\" alt=\"\" srcset=\"https:\/\/gartenparadies.biz\/wp-content\/uploads\/2017\/05\/DSC03336-720x720.jpg 720w, https:\/\/gartenparadies.biz\/wp-content\/uploads\/2017\/05\/DSC03336-150x150.jpg 150w\" sizes=\"auto, (max-width: 720px) 100vw, 720px\"><\/a>\n\t\t\t<\/div><\/figure><figure class='gallery-item'>\n\t\t\t<div class='gallery-icon portrait'>\n\t\t\t\t<a href=\"https:\/\/gartenparadies.biz\/wp-content\/uploads\/2017\/05\/DSC03357.jpg\" title=\"DSC03357\" data-description=\"\"><img loading=\"lazy\" decoding=\"async\" width=\"720\" height=\"720\" src=\"https:\/\/gartenparadies.biz\/wp-content\/uploads\/2017\/05\/DSC03357-720x720.jpg\" class=\"attachment-gazette-post-thumbnail-square size-gazette-post-thumbnail-square\" alt=\"\" srcset=\"https:\/\/gartenparadies.biz\/wp-content\/uploads\/2017\/05\/DSC03357-720x720.jpg 720w, https:\/\/gartenparadies.biz\/wp-content\/uploads\/2017\/05\/DSC03357-150x150.jpg 150w\" sizes=\"auto, (max-width: 720px) 100vw, 720px\"><\/a>\n\t\t\t<\/div><\/figure><figure class='gallery-item'>\n\t\t\t<div class='gallery-icon portrait'>\n\t\t\t\t<a href=\"https:\/\/gartenparadies.biz\/wp-content\/uploads\/2017\/05\/DSC03356.jpg\" title=\"DSC03356\" data-description=\"\"><img loading=\"lazy\" decoding=\"async\" width=\"720\" height=\"720\" src=\"https:\/\/gartenparadies.biz\/wp-content\/uploads\/2017\/05\/DSC03356-720x720.jpg\" class=\"attachment-gazette-post-thumbnail-square size-gazette-post-thumbnail-square\" alt=\"\" srcset=\"https:\/\/gartenparadies.biz\/wp-content\/uploads\/2017\/05\/DSC03356-720x720.jpg 720w, https:\/\/gartenparadies.biz\/wp-content\/uploads\/2017\/05\/DSC03356-150x150.jpg 150w\" sizes=\"auto, (max-width: 720px) 100vw, 720px\"><\/a>\n\t\t\t<\/div><\/figure><figure class='gallery-item'>\n\t\t\t<div class='gallery-icon portrait'>\n\t\t\t\t<a href=\"https:\/\/gartenparadies.biz\/wp-content\/uploads\/2017\/05\/DSC03344.jpg\" title=\"DSC03344\" data-description=\"\"><img loading=\"lazy\" decoding=\"async\" width=\"720\" height=\"720\" src=\"https:\/\/gartenparadies.biz\/wp-content\/uploads\/2017\/05\/DSC03344-720x720.jpg\" class=\"attachment-gazette-post-thumbnail-square size-gazette-post-thumbnail-square\" alt=\"\" srcset=\"https:\/\/gartenparadies.biz\/wp-content\/uploads\/2017\/05\/DSC03344-720x720.jpg 720w, https:\/\/gartenparadies.biz\/wp-content\/uploads\/2017\/05\/DSC03344-150x150.jpg 150w\" sizes=\"auto, (max-width: 720px) 100vw, 720px\"><\/a>\n\t\t\t<\/div><\/figure><figure class='gallery-item'>\n\t\t\t<div class='gallery-icon landscape'>\n\t\t\t\t<a href=\"https:\/\/gartenparadies.biz\/wp-content\/uploads\/2017\/05\/DSC03254.jpg\" title=\"DSC03254\" data-description=\"\"><img loading=\"lazy\" decoding=\"async\" width=\"720\" height=\"720\" src=\"https:\/\/gartenparadies.biz\/wp-content\/uploads\/2017\/05\/DSC03254-720x720.jpg\" class=\"attachment-gazette-post-thumbnail-square size-gazette-post-thumbnail-square\" alt=\"\" srcset=\"https:\/\/gartenparadies.biz\/wp-content\/uploads\/2017\/05\/DSC03254-720x720.jpg 720w, https:\/\/gartenparadies.biz\/wp-content\/uploads\/2017\/05\/DSC03254-150x150.jpg 150w\" sizes=\"auto, (max-width: 720px) 100vw, 720px\"><\/a>\n\t\t\t<\/div><\/figure><figure class='gallery-item'>\n\t\t\t<div class='gallery-icon landscape'>\n\t\t\t\t<a href=\"https:\/\/gartenparadies.biz\/wp-content\/uploads\/2017\/05\/DSC03351.jpg\" title=\"DSC03351\" data-description=\"\"><img loading=\"lazy\" decoding=\"async\" width=\"720\" height=\"720\" src=\"https:\/\/gartenparadies.biz\/wp-content\/uploads\/2017\/05\/DSC03351-720x720.jpg\" class=\"attachment-gazette-post-thumbnail-square size-gazette-post-thumbnail-square\" alt=\"\" srcset=\"https:\/\/gartenparadies.biz\/wp-content\/uploads\/2017\/05\/DSC03351-720x720.jpg 720w, https:\/\/gartenparadies.biz\/wp-content\/uploads\/2017\/05\/DSC03351-150x150.jpg 150w\" sizes=\"auto, (max-width: 720px) 100vw, 720px\"><\/a>\n\t\t\t<\/div><\/figure><figure class='gallery-item'>\n\t\t\t<div class='gallery-icon portrait'>\n\t\t\t\t<a href=\"https:\/\/gartenparadies.biz\/wp-content\/uploads\/2017\/05\/DSC03268.jpg\" title=\"DSC03268\" data-description=\"\"><img loading=\"lazy\" decoding=\"async\" width=\"720\" height=\"720\" src=\"https:\/\/gartenparadies.biz\/wp-content\/uploads\/2017\/05\/DSC03268-720x720.jpg\" class=\"attachment-gazette-post-thumbnail-square size-gazette-post-thumbnail-square\" alt=\"\" srcset=\"https:\/\/gartenparadies.biz\/wp-content\/uploads\/2017\/05\/DSC03268-720x720.jpg 720w, https:\/\/gartenparadies.biz\/wp-content\/uploads\/2017\/05\/DSC03268-150x150.jpg 150w\" sizes=\"auto, (max-width: 720px) 100vw, 720px\"><\/a>\n\t\t\t<\/div><\/figure><figure class='gallery-item'>\n\t\t\t<div class='gallery-icon portrait'>\n\t\t\t\t<a href=\"https:\/\/gartenparadies.biz\/wp-content\/uploads\/2017\/05\/DSC03265.jpg\" title=\"DSC03265\" data-description=\"\"><img loading=\"lazy\" decoding=\"async\" width=\"720\" height=\"720\" src=\"https:\/\/gartenparadies.biz\/wp-content\/uploads\/2017\/05\/DSC03265-720x720.jpg\" class=\"attachment-gazette-post-thumbnail-square size-gazette-post-thumbnail-square\" alt=\"\" srcset=\"https:\/\/gartenparadies.biz\/wp-content\/uploads\/2017\/05\/DSC03265-720x720.jpg 720w, https:\/\/gartenparadies.biz\/wp-content\/uploads\/2017\/05\/DSC03265-150x150.jpg 150w\" sizes=\"auto, (max-width: 720px) 100vw, 720px\"><\/a>\n\t\t\t<\/div><\/figure><figure class='gallery-item'>\n\t\t\t<div class='gallery-icon landscape'>\n\t\t\t\t<a href=\"https:\/\/gartenparadies.biz\/wp-content\/uploads\/2017\/05\/DSC03362.jpg\" title=\"DSC03362\" data-description=\"\"><img loading=\"lazy\" decoding=\"async\" width=\"720\" height=\"720\" src=\"https:\/\/gartenparadies.biz\/wp-content\/uploads\/2017\/05\/DSC03362-720x720.jpg\" class=\"attachment-gazette-post-thumbnail-square size-gazette-post-thumbnail-square\" alt=\"\" srcset=\"https:\/\/gartenparadies.biz\/wp-content\/uploads\/2017\/05\/DSC03362-720x720.jpg 720w, https:\/\/gartenparadies.biz\/wp-content\/uploads\/2017\/05\/DSC03362-150x150.jpg 150w\" sizes=\"auto, (max-width: 720px) 100vw, 720px\"><\/a>\n\t\t\t<\/div><\/figure><figure class='gallery-item'>\n\t\t\t<div class='gallery-icon landscape'>\n\t\t\t\t<a href=\"https:\/\/gartenparadies.biz\/wp-content\/uploads\/2017\/05\/DSC03256-1.jpg\" title=\"DSC03256\" data-description=\"\"><img loading=\"lazy\" decoding=\"async\" width=\"720\" height=\"720\" src=\"https:\/\/gartenparadies.biz\/wp-content\/uploads\/2017\/05\/DSC03256-1-720x720.jpg\" class=\"attachment-gazette-post-thumbnail-square size-gazette-post-thumbnail-square\" alt=\"\" srcset=\"https:\/\/gartenparadies.biz\/wp-content\/uploads\/2017\/05\/DSC03256-1-720x720.jpg 720w, https:\/\/gartenparadies.biz\/wp-content\/uploads\/2017\/05\/DSC03256-1-150x150.jpg 150w\" sizes=\"auto, (max-width: 720px) 100vw, 720px\"><\/a>\n\t\t\t<\/div><\/figure><figure class='gallery-item'>\n\t\t\t<div class='gallery-icon portrait'>\n\t\t\t\t<a href=\"https:\/\/gartenparadies.biz\/wp-content\/uploads\/2017\/05\/DSC03337.jpg\" title=\"DSC03337\" data-description=\"\"><img loading=\"lazy\" decoding=\"async\" width=\"720\" height=\"720\" src=\"https:\/\/gartenparadies.biz\/wp-content\/uploads\/2017\/05\/DSC03337-720x720.jpg\" class=\"attachment-gazette-post-thumbnail-square size-gazette-post-thumbnail-square\" alt=\"\" srcset=\"https:\/\/gartenparadies.biz\/wp-content\/uploads\/2017\/05\/DSC03337-720x720.jpg 720w, https:\/\/gartenparadies.biz\/wp-content\/uploads\/2017\/05\/DSC03337-150x150.jpg 150w\" sizes=\"auto, (max-width: 720px) 100vw, 720px\"><\/a>\n\t\t\t<\/div><\/figure><figure class='gallery-item'>\n\t\t\t<div class='gallery-icon portrait'>\n\t\t\t\t<a href=\"https:\/\/gartenparadies.biz\/wp-content\/uploads\/2017\/05\/DSC03267.jpg\" title=\"DSC03267\" data-description=\"\"><img loading=\"lazy\" decoding=\"async\" width=\"720\" height=\"720\" src=\"https:\/\/gartenparadies.biz\/wp-content\/uploads\/2017\/05\/DSC03267-720x720.jpg\" class=\"attachment-gazette-post-thumbnail-square size-gazette-post-thumbnail-square\" alt=\"\" srcset=\"https:\/\/gartenparadies.biz\/wp-content\/uploads\/2017\/05\/DSC03267-720x720.jpg 720w, https:\/\/gartenparadies.biz\/wp-content\/uploads\/2017\/05\/DSC03267-150x150.jpg 150w\" sizes=\"auto, (max-width: 720px) 100vw, 720px\"><\/a>\n\t\t\t<\/div><\/figure><figure class='gallery-item'>\n\t\t\t<div class='gallery-icon portrait'>\n\t\t\t\t<a href=\"https:\/\/gartenparadies.biz\/wp-content\/uploads\/2017\/05\/DSC03321.jpg\" title=\"DSC03321\" data-description=\"\"><img loading=\"lazy\" decoding=\"async\" width=\"720\" height=\"720\" src=\"https:\/\/gartenparadies.biz\/wp-content\/uploads\/2017\/05\/DSC03321-720x720.jpg\" class=\"attachment-gazette-post-thumbnail-square size-gazette-post-thumbnail-square\" alt=\"\" srcset=\"https:\/\/gartenparadies.biz\/wp-content\/uploads\/2017\/05\/DSC03321-720x720.jpg 720w, https:\/\/gartenparadies.biz\/wp-content\/uploads\/2017\/05\/DSC03321-150x150.jpg 150w\" sizes=\"auto, (max-width: 720px) 100vw, 720px\"><\/a>\n\t\t\t<\/div><\/figure>\n\t\t<\/div>\n\n<p>Neben vielen sch\u00f6nen Artikeln f\u00fcr ihren Garten oder ihre Terrasse finden Sie weitere Highlights zum Anschauen und Staunen:<\/p>\n<ul>\n<li>Original-Brunnen aus dem Mittelalter mit historischen Fundst\u00fccken aus einer ehemaligen T\u00f6pferei<\/li>\n<li>Gartenbaumhaus<\/li>\n<li>gro\u00dfe Funkiensammlung<\/li>\n<li>wundersch\u00f6n gelb bl\u00fchender Golden rain tree (Koelreuteria paniculata)<\/li>\n<li>viele Garten-Arrangements aus Flaschen, Eierbechern und Porzellan &#8230;<\/li>\n<\/ul>\n<p>&nbsp;<\/p>\n","protected":false},"excerpt":{"rendered":"<p>Herzlich willkommen in unserem idyllischen Altstadtgarten direkt hinter dem Laden. Hier gibt es nicht nur viel zu entdecken, sondern auch ein ruhiges Pl\u00e4tzchen in gr\u00fcner Umgebung f\u00fcr Kaffee &amp; Kuchen. Neben vielen sch\u00f6nen Artikeln f\u00fcr ihren Garten oder ihre Terrasse finden Sie weitere Highlights zum Anschauen und Staunen: Original-Brunnen aus dem Mittelalter mit historischen Fundst\u00fccken aus einer ehemaligen T\u00f6pferei Gartenbaumhaus gro\u00dfe Funkiensammlung wundersch\u00f6n gelb bl\u00fchender Golden rain tree (Koelreuteria paniculata) viele Garten-Arrangements aus Flaschen, Eierbechern und Porzellan &#8230; &nbsp; <a href=\"https:\/\/gartenparadies.biz\/?page_id=205\" class=\"more-link\"><span class=\"screen-reader-text\">Gartenparadies<\/span> weiterlesen<\/a><\/p>\n","protected":false},"author":1,"featured_media":0,"parent":0,"menu_order":0,"comment_status":"closed","ping_status":"closed","template":"","meta":{"footnotes":""},"class_list":["post-205","page","type-page","status-publish","hentry","gallery-content-unit"],"_links":{"self":[{"href":"https:\/\/gartenparadies.biz\/index.php?rest_route=\/wp\/v2\/pages\/205","targetHints":{"allow":["GET"]}}],"collection":[{"href":"https:\/\/gartenparadies.biz\/index.php?rest_route=\/wp\/v2\/pages"}],"about":[{"href":"https:\/\/gartenparadies.biz\/index.php?rest_route=\/wp\/v2\/types\/page"}],"author":[{"embeddable":true,"href":"https:\/\/gartenparadies.biz\/index.php?rest_route=\/wp\/v2\/users\/1"}],"replies":[{"embeddable":true,"href":"https:\/\/gartenparadies.biz\/index.php?rest_route=%2Fwp%2Fv2%2Fcomments&post=205"}],"version-history":[{"count":7,"href":"https:\/\/gartenparadies.biz\/index.php?rest_route=\/wp\/v2\/pages\/205\/revisions"}],"predecessor-version":[{"id":1505,"href":"https:\/\/gartenparadies.biz\/index.php?rest_route=\/wp\/v2\/pages\/205\/revisions\/1505"}],"wp:attachment":[{"href":"https:\/\/gartenparadies.biz\/index.php?rest_route=%2Fwp%2Fv2%2Fmedia&parent=205"}],"curies":[{"name":"wp","href":"https:\/\/api.w.org\/{rel}","templated":true}]}}