{"id":1467,"date":"2021-11-19T16:56:32","date_gmt":"2021-11-19T15:56:32","guid":{"rendered":"http:\/\/gartenparadies.biz\/?page_id=1467"},"modified":"2021-11-21T11:14:07","modified_gmt":"2021-11-21T10:14:07","slug":"haushalt-backen-kochen","status":"publish","type":"page","link":"https:\/\/gartenparadies.biz\/?page_id=1467","title":{"rendered":"Haushalt, backen &#038; kochen"},"content":{"rendered":"<p><span style=\"color: #008000;\"><strong>Haushalt, backen und kochen<\/strong> <\/span>ist eines unserer Kernsortimente. Neben vielen n\u00fctzlichen Haushaltshilfen f\u00fchren wir auch viele bekannte Marken:<\/p>\n<ul>\n<li>Pfannen und T\u00f6pfe von Fissler, K\u00fcchenprofi, Schulte &amp; Ufer und BAF<\/li>\n<li>Kaffeebereiter von Bialetti, Cilio und Weis<\/li>\n<li>Backformen und\u00a0 -zubeh\u00f6r von Dr. Oetker, Riess,<\/li>\n<li>Motiv-Nudelholz, Teigrolle und Keksstempel von Folkroll<\/li>\n<li>Geschirr- und Handt\u00fccher aus Halbleinen von Meyer-Major<\/li>\n<li>Thermoskannen und To-Go Becher von Emsa und Contigo<\/li>\n<li>besondere Artikel wie Wasserkessel, R\u00f6mertopf und Co.<\/li>\n<li>Fr\u00fchst\u00fccksboxen von Lurch und Mepal<\/li>\n<li>Aufbewahrungshilfen f\u00fcr Lebensmittel<\/li>\n<li>hochwertige Schneidwaren von Zwilling, W\u00fcsthoff, Windm\u00fchlenmesser<\/li>\n<li>Einkochzubeh\u00f6r von Weck<\/li>\n<li>Elektrokleinger\u00e4te<\/li>\n<li>und. und, und &#8230;<\/li>\n<\/ul>\n<p>&nbsp;<\/p>\n<div id='gallery-1' class='gallery galleryid-1467 gallery-columns-3 gallery-size-thumbnail'><figure class='gallery-item'>\n\t\t\t<div class='gallery-icon landscape'>\n\t\t\t\t<a href=\"https:\/\/gartenparadies.biz\/wp-content\/uploads\/2021\/11\/DSC04204.jpg\" title=\"DSC04204\" data-description=\"\"><img loading=\"lazy\" decoding=\"async\" width=\"150\" height=\"150\" src=\"https:\/\/gartenparadies.biz\/wp-content\/uploads\/2021\/11\/DSC04204-150x150.jpg\" class=\"attachment-thumbnail size-thumbnail\" alt=\"\" srcset=\"https:\/\/gartenparadies.biz\/wp-content\/uploads\/2021\/11\/DSC04204-150x150.jpg 150w, https:\/\/gartenparadies.biz\/wp-content\/uploads\/2021\/11\/DSC04204-720x720.jpg 720w\" sizes=\"auto, (max-width: 150px) 100vw, 150px\"><\/a>\n\t\t\t<\/div><\/figure><figure class='gallery-item'>\n\t\t\t<div class='gallery-icon landscape'>\n\t\t\t\t<a href=\"https:\/\/gartenparadies.biz\/wp-content\/uploads\/2021\/11\/DSC04207.jpg\" title=\"DSC04207\" data-description=\"\"><img loading=\"lazy\" decoding=\"async\" width=\"150\" height=\"150\" src=\"https:\/\/gartenparadies.biz\/wp-content\/uploads\/2021\/11\/DSC04207-150x150.jpg\" class=\"attachment-thumbnail size-thumbnail\" alt=\"\" srcset=\"https:\/\/gartenparadies.biz\/wp-content\/uploads\/2021\/11\/DSC04207-150x150.jpg 150w, https:\/\/gartenparadies.biz\/wp-content\/uploads\/2021\/11\/DSC04207-720x720.jpg 720w\" sizes=\"auto, (max-width: 150px) 100vw, 150px\"><\/a>\n\t\t\t<\/div><\/figure><figure class='gallery-item'>\n\t\t\t<div class='gallery-icon landscape'>\n\t\t\t\t<a href=\"https:\/\/gartenparadies.biz\/wp-content\/uploads\/2021\/11\/DSC04215.jpg\" title=\"DSC04215\" data-description=\"\"><img loading=\"lazy\" decoding=\"async\" width=\"150\" height=\"150\" src=\"https:\/\/gartenparadies.biz\/wp-content\/uploads\/2021\/11\/DSC04215-150x150.jpg\" class=\"attachment-thumbnail size-thumbnail\" alt=\"\" srcset=\"https:\/\/gartenparadies.biz\/wp-content\/uploads\/2021\/11\/DSC04215-150x150.jpg 150w, https:\/\/gartenparadies.biz\/wp-content\/uploads\/2021\/11\/DSC04215-720x720.jpg 720w\" sizes=\"auto, (max-width: 150px) 100vw, 150px\"><\/a>\n\t\t\t<\/div><\/figure><figure class='gallery-item'>\n\t\t\t<div class='gallery-icon landscape'>\n\t\t\t\t<a href=\"https:\/\/gartenparadies.biz\/wp-content\/uploads\/2021\/11\/DSC04216.jpg\" title=\"DSC04216\" data-description=\"\"><img loading=\"lazy\" decoding=\"async\" width=\"150\" height=\"150\" src=\"https:\/\/gartenparadies.biz\/wp-content\/uploads\/2021\/11\/DSC04216-150x150.jpg\" class=\"attachment-thumbnail size-thumbnail\" alt=\"\" srcset=\"https:\/\/gartenparadies.biz\/wp-content\/uploads\/2021\/11\/DSC04216-150x150.jpg 150w, https:\/\/gartenparadies.biz\/wp-content\/uploads\/2021\/11\/DSC04216-720x720.jpg 720w\" sizes=\"auto, (max-width: 150px) 100vw, 150px\"><\/a>\n\t\t\t<\/div><\/figure><figure class='gallery-item'>\n\t\t\t<div class='gallery-icon landscape'>\n\t\t\t\t<a href=\"https:\/\/gartenparadies.biz\/wp-content\/uploads\/2021\/11\/DSC04217.jpg\" title=\"DSC04217\" data-description=\"\"><img loading=\"lazy\" decoding=\"async\" width=\"150\" height=\"150\" src=\"https:\/\/gartenparadies.biz\/wp-content\/uploads\/2021\/11\/DSC04217-150x150.jpg\" class=\"attachment-thumbnail size-thumbnail\" alt=\"\" srcset=\"https:\/\/gartenparadies.biz\/wp-content\/uploads\/2021\/11\/DSC04217-150x150.jpg 150w, https:\/\/gartenparadies.biz\/wp-content\/uploads\/2021\/11\/DSC04217-720x720.jpg 720w\" sizes=\"auto, (max-width: 150px) 100vw, 150px\"><\/a>\n\t\t\t<\/div><\/figure><figure class='gallery-item'>\n\t\t\t<div class='gallery-icon landscape'>\n\t\t\t\t<a href=\"https:\/\/gartenparadies.biz\/wp-content\/uploads\/2021\/11\/DSC04218.jpg\" title=\"DSC04218\" data-description=\"\"><img loading=\"lazy\" decoding=\"async\" width=\"150\" height=\"150\" src=\"https:\/\/gartenparadies.biz\/wp-content\/uploads\/2021\/11\/DSC04218-150x150.jpg\" class=\"attachment-thumbnail size-thumbnail\" alt=\"\" srcset=\"https:\/\/gartenparadies.biz\/wp-content\/uploads\/2021\/11\/DSC04218-150x150.jpg 150w, https:\/\/gartenparadies.biz\/wp-content\/uploads\/2021\/11\/DSC04218-720x720.jpg 720w\" sizes=\"auto, (max-width: 150px) 100vw, 150px\"><\/a>\n\t\t\t<\/div><\/figure><figure class='gallery-item'>\n\t\t\t<div class='gallery-icon portrait'>\n\t\t\t\t<a href=\"https:\/\/gartenparadies.biz\/wp-content\/uploads\/2021\/11\/DSC04245.jpg\" title=\"DSC04245\" data-description=\"\"><img loading=\"lazy\" decoding=\"async\" width=\"150\" height=\"150\" src=\"https:\/\/gartenparadies.biz\/wp-content\/uploads\/2021\/11\/DSC04245-150x150.jpg\" class=\"attachment-thumbnail size-thumbnail\" alt=\"\" srcset=\"https:\/\/gartenparadies.biz\/wp-content\/uploads\/2021\/11\/DSC04245-150x150.jpg 150w, https:\/\/gartenparadies.biz\/wp-content\/uploads\/2021\/11\/DSC04245-720x720.jpg 720w\" sizes=\"auto, (max-width: 150px) 100vw, 150px\"><\/a>\n\t\t\t<\/div><\/figure><figure class='gallery-item'>\n\t\t\t<div class='gallery-icon landscape'>\n\t\t\t\t<a href=\"https:\/\/gartenparadies.biz\/wp-content\/uploads\/2021\/11\/DSC04254.jpg\" title=\"DSC04254\" data-description=\"\"><img loading=\"lazy\" decoding=\"async\" width=\"150\" height=\"150\" src=\"https:\/\/gartenparadies.biz\/wp-content\/uploads\/2021\/11\/DSC04254-150x150.jpg\" class=\"attachment-thumbnail size-thumbnail\" alt=\"\" srcset=\"https:\/\/gartenparadies.biz\/wp-content\/uploads\/2021\/11\/DSC04254-150x150.jpg 150w, https:\/\/gartenparadies.biz\/wp-content\/uploads\/2021\/11\/DSC04254-720x720.jpg 720w\" sizes=\"auto, (max-width: 150px) 100vw, 150px\"><\/a>\n\t\t\t<\/div><\/figure><figure class='gallery-item'>\n\t\t\t<div class='gallery-icon portrait'>\n\t\t\t\t<a href=\"https:\/\/gartenparadies.biz\/wp-content\/uploads\/2021\/11\/DSC04260.jpg\" title=\"DSC04260\" data-description=\"\"><img loading=\"lazy\" decoding=\"async\" width=\"150\" height=\"150\" src=\"https:\/\/gartenparadies.biz\/wp-content\/uploads\/2021\/11\/DSC04260-150x150.jpg\" class=\"attachment-thumbnail size-thumbnail\" alt=\"\" srcset=\"https:\/\/gartenparadies.biz\/wp-content\/uploads\/2021\/11\/DSC04260-150x150.jpg 150w, https:\/\/gartenparadies.biz\/wp-content\/uploads\/2021\/11\/DSC04260-720x720.jpg 720w\" sizes=\"auto, (max-width: 150px) 100vw, 150px\"><\/a>\n\t\t\t<\/div><\/figure><figure class='gallery-item'>\n\t\t\t<div class='gallery-icon portrait'>\n\t\t\t\t<a href=\"https:\/\/gartenparadies.biz\/wp-content\/uploads\/2021\/11\/DSC04261.jpg\" title=\"DSC04261\" data-description=\"\"><img loading=\"lazy\" decoding=\"async\" width=\"150\" height=\"150\" src=\"https:\/\/gartenparadies.biz\/wp-content\/uploads\/2021\/11\/DSC04261-150x150.jpg\" class=\"attachment-thumbnail size-thumbnail\" alt=\"\" srcset=\"https:\/\/gartenparadies.biz\/wp-content\/uploads\/2021\/11\/DSC04261-150x150.jpg 150w, https:\/\/gartenparadies.biz\/wp-content\/uploads\/2021\/11\/DSC04261-720x720.jpg 720w\" sizes=\"auto, (max-width: 150px) 100vw, 150px\"><\/a>\n\t\t\t<\/div><\/figure>\n\t\t<\/div>\n\n","protected":false},"excerpt":{"rendered":"<p>Haushalt, backen und kochen ist eines unserer Kernsortimente. Neben vielen n\u00fctzlichen Haushaltshilfen f\u00fchren wir auch viele bekannte Marken: Pfannen und T\u00f6pfe von Fissler, K\u00fcchenprofi, Schulte &amp; Ufer und BAF Kaffeebereiter von Bialetti, Cilio und Weis Backformen und\u00a0 -zubeh\u00f6r von Dr. Oetker, Riess, Motiv-Nudelholz, Teigrolle und Keksstempel von Folkroll Geschirr- und Handt\u00fccher aus Halbleinen von Meyer-Major Thermoskannen und To-Go Becher von Emsa und Contigo besondere Artikel wie Wasserkessel, R\u00f6mertopf und Co. Fr\u00fchst\u00fccksboxen von Lurch und Mepal Aufbewahrungshilfen f\u00fcr Lebensmittel hochwertige Schneidwaren von Zwilling, W\u00fcsthoff, Windm\u00fchlenmesser Einkochzubeh\u00f6r von Weck Elektrokleinger\u00e4te und. und, und &#8230; &nbsp; <a href=\"https:\/\/gartenparadies.biz\/?page_id=1467\" class=\"more-link\"><span class=\"screen-reader-text\">Haushalt, backen &#038; kochen<\/span> weiterlesen<\/a><\/p>\n","protected":false},"author":1,"featured_media":0,"parent":0,"menu_order":0,"comment_status":"closed","ping_status":"closed","template":"","meta":{"footnotes":""},"class_list":["post-1467","page","type-page","status-publish","hentry","gallery-content-unit"],"_links":{"self":[{"href":"https:\/\/gartenparadies.biz\/index.php?rest_route=\/wp\/v2\/pages\/1467","targetHints":{"allow":["GET"]}}],"collection":[{"href":"https:\/\/gartenparadies.biz\/index.php?rest_route=\/wp\/v2\/pages"}],"about":[{"href":"https:\/\/gartenparadies.biz\/index.php?rest_route=\/wp\/v2\/types\/page"}],"author":[{"embeddable":true,"href":"https:\/\/gartenparadies.biz\/index.php?rest_route=\/wp\/v2\/users\/1"}],"replies":[{"embeddable":true,"href":"https:\/\/gartenparadies.biz\/index.php?rest_route=%2Fwp%2Fv2%2Fcomments&post=1467"}],"version-history":[{"count":3,"href":"https:\/\/gartenparadies.biz\/index.php?rest_route=\/wp\/v2\/pages\/1467\/revisions"}],"predecessor-version":[{"id":1497,"href":"https:\/\/gartenparadies.biz\/index.php?rest_route=\/wp\/v2\/pages\/1467\/revisions\/1497"}],"wp:attachment":[{"href":"https:\/\/gartenparadies.biz\/index.php?rest_route=%2Fwp%2Fv2%2Fmedia&parent=1467"}],"curies":[{"name":"wp","href":"https:\/\/api.w.org\/{rel}","templated":true}]}}