{"id":1439,"date":"2021-11-19T15:05:48","date_gmt":"2021-11-19T14:05:48","guid":{"rendered":"http:\/\/gartenparadies.biz\/?page_id=1439"},"modified":"2021-11-19T15:23:54","modified_gmt":"2021-11-19T14:23:54","slug":"goldankauf","status":"publish","type":"page","link":"https:\/\/gartenparadies.biz\/?page_id=1439","title":{"rendered":"Goldankauf"},"content":{"rendered":"<p>Wir kaufen Gold, Silber und andere Edelmetalle an. Bringen Sie Ihre Sch\u00e4tzchen einfach vorbei &#8211; wir pr\u00fcfen sie unverbindlich und erstellen Ihnen ein ebenso unverbindliches Ankaufsangebot.<\/p>\n<p><a href=\"http:\/\/gartenparadies.biz\/wp-content\/uploads\/2021\/11\/Goldankauf02.jpg\"><img loading=\"lazy\" decoding=\"async\" class=\"aligncenter wp-image-1456\" src=\"http:\/\/gartenparadies.biz\/wp-content\/uploads\/2021\/11\/Goldankauf02-734x1024.jpg\" alt=\"\" width=\"350\" height=\"488\" srcset=\"https:\/\/gartenparadies.biz\/wp-content\/uploads\/2021\/11\/Goldankauf02-734x1024.jpg 734w, https:\/\/gartenparadies.biz\/wp-content\/uploads\/2021\/11\/Goldankauf02-215x300.jpg 215w, https:\/\/gartenparadies.biz\/wp-content\/uploads\/2021\/11\/Goldankauf02-768x1072.jpg 768w, https:\/\/gartenparadies.biz\/wp-content\/uploads\/2021\/11\/Goldankauf02-43x60.jpg 43w, https:\/\/gartenparadies.biz\/wp-content\/uploads\/2021\/11\/Goldankauf02.jpg 860w\" sizes=\"auto, (max-width: 350px) 100vw, 350px\" \/><\/a><\/p>\n<p><span style=\"color: #ff0000;\">Ein Hinweis zu Ihrer Sicherheit:<\/span> wir kaufen keine Pelze oder Lederjacken an! Auch nicht mit Gold in den Taschen! Modeschmuck oder minderwertiges Gold sind bei uns auch kein Fake-Ergebnis mit niedrigem Ankaufswert, sondern fachgerecht gepr\u00fcft! Seien Sie mi\u00dftrauisch, wenn Ankaufspreise nach reiner Anschauung der Ware verk\u00fcndet werden. Im \u00dcbrigen sind gro\u00dfe Zeitungsanzeigen keine Gew\u00e4hr f\u00fcr seri\u00f6sen Goldankauf!<\/p>\n<p>Vertrauen Sie Ihrem Fachgesch\u00e4ft in Witzenhausen!<\/p>\n","protected":false},"excerpt":{"rendered":"<p>Wir kaufen Gold, Silber und andere Edelmetalle an. Bringen Sie Ihre Sch\u00e4tzchen einfach vorbei &#8211; wir pr\u00fcfen sie unverbindlich und erstellen Ihnen ein ebenso unverbindliches Ankaufsangebot. Ein Hinweis zu Ihrer Sicherheit: wir kaufen keine Pelze oder Lederjacken an! Auch nicht mit Gold in den Taschen! Modeschmuck oder minderwertiges Gold sind bei uns auch kein Fake-Ergebnis mit niedrigem Ankaufswert, sondern fachgerecht gepr\u00fcft! Seien Sie mi\u00dftrauisch, wenn Ankaufspreise nach reiner Anschauung der Ware verk\u00fcndet werden. Im \u00dcbrigen sind gro\u00dfe Zeitungsanzeigen keine Gew\u00e4hr f\u00fcr seri\u00f6sen Goldankauf! Vertrauen Sie Ihrem Fachgesch\u00e4ft in Witzenhausen! <a href=\"https:\/\/gartenparadies.biz\/?page_id=1439\" class=\"more-link\"><span class=\"screen-reader-text\">Goldankauf<\/span> weiterlesen<\/a><\/p>\n","protected":false},"author":1,"featured_media":0,"parent":0,"menu_order":0,"comment_status":"closed","ping_status":"closed","template":"","meta":{"footnotes":""},"class_list":["post-1439","page","type-page","status-publish","hentry","gallery-content-unit"],"_links":{"self":[{"href":"https:\/\/gartenparadies.biz\/index.php?rest_route=\/wp\/v2\/pages\/1439","targetHints":{"allow":["GET"]}}],"collection":[{"href":"https:\/\/gartenparadies.biz\/index.php?rest_route=\/wp\/v2\/pages"}],"about":[{"href":"https:\/\/gartenparadies.biz\/index.php?rest_route=\/wp\/v2\/types\/page"}],"author":[{"embeddable":true,"href":"https:\/\/gartenparadies.biz\/index.php?rest_route=\/wp\/v2\/users\/1"}],"replies":[{"embeddable":true,"href":"https:\/\/gartenparadies.biz\/index.php?rest_route=%2Fwp%2Fv2%2Fcomments&post=1439"}],"version-history":[{"count":6,"href":"https:\/\/gartenparadies.biz\/index.php?rest_route=\/wp\/v2\/pages\/1439\/revisions"}],"predecessor-version":[{"id":1458,"href":"https:\/\/gartenparadies.biz\/index.php?rest_route=\/wp\/v2\/pages\/1439\/revisions\/1458"}],"wp:attachment":[{"href":"https:\/\/gartenparadies.biz\/index.php?rest_route=%2Fwp%2Fv2%2Fmedia&parent=1439"}],"curies":[{"name":"wp","href":"https:\/\/api.w.org\/{rel}","templated":true}]}}